{"id":195,"date":"2022-11-28T19:09:01","date_gmt":"2022-11-28T18:09:01","guid":{"rendered":"https:\/\/agrcanelas.edu.pt\/blogs\/digitools\/?page_id=195"},"modified":"2023-02-09T19:30:05","modified_gmt":"2023-02-09T18:30:05","slug":"moodle","status":"publish","type":"page","link":"https:\/\/agrcanelas.edu.pt\/blogs\/digitools\/?page_id=195","title":{"rendered":"Moodle"},"content":{"rendered":"<p style=\"text-align: center;\"><a href=\"https:\/\/agrcanelas.edu.pt\/blogs\/digitools\/files\/2023\/02\/Moodle-logo.svg_.png\" data-rel=\"lightbox-image-0\" data-rl_title=\"\" data-rl_caption=\"\" title=\"\"><img loading=\"lazy\" decoding=\"async\" class=\"alignnone size-medium wp-image-313\" src=\"https:\/\/agrcanelas.edu.pt\/blogs\/digitools\/files\/2023\/02\/Moodle-logo.svg_-300x77.png\" alt=\"\" width=\"300\" height=\"77\" srcset=\"https:\/\/agrcanelas.edu.pt\/blogs\/digitools\/files\/2023\/02\/Moodle-logo.svg_-300x77.png 300w, https:\/\/agrcanelas.edu.pt\/blogs\/digitools\/files\/2023\/02\/Moodle-logo.svg_-768x197.png 768w, https:\/\/agrcanelas.edu.pt\/blogs\/digitools\/files\/2023\/02\/Moodle-logo.svg_-425x109.png 425w, https:\/\/agrcanelas.edu.pt\/blogs\/digitools\/files\/2023\/02\/Moodle-logo.svg_.png 1024w\" sizes=\"auto, (max-width: 300px) 100vw, 300px\" \/><\/a><\/p>\n<p>O Moodle \u00e9 um dos mais populares CMS (Course Management System) para apoio \u00e0 aprendizagem\/ensino \u00e0 dist\u00e2ncia. Atrav\u00e9s desta plataforma, os professores\/formadores podem facilmente criar disciplinas \u201conline\u201d e nela depositar conte\u00fados, criar f\u00f3runs, chats, criar testes, receber trabalhos dos alunos, criar wikis, etc.<\/p>\n<p>O Moodle \u00e9 uma alternativa gratuita, sob licen\u00e7a Open Source, \u00e0s solu\u00e7\u00f5es comerciais de ensino \u00e0 dist\u00e2ncia como o Blackboard e WebCT. A aprendizagem atrav\u00e9s do Moodle est\u00e1 baseada nos princ\u00edpios pedag\u00f3gicos, com um desenho modular onde \u00e9 f\u00e1cil agregar conte\u00fados que motivam o aluno.<\/p>\n<p><strong>Algumas caracter\u00edsticas<\/strong><\/p>\n<ul>\n<li>Promove uma pedagogia social (colabora\u00e7\u00e3o, actividades, reflex\u00e3o cr\u00edtica, etc.)<\/li>\n<li>Criar cursos ou disciplinas com variados conte\u00fados formativos e actividades, 100% online;<\/li>\n<li>Chat, F\u00f3runs de discuss\u00e3o , Wikis, cria\u00e7\u00e3o de testes tudo dentro da mesma plataforma;<\/li>\n<li>Definir professores para gerir os cursos criados;<\/li>\n<li>Gerir os acessos dos utilizadores \u00e0 plataforma e \u00e0s diferentes actividades;<\/li>\n<li>Registar as notas e o desempenho dos formandos.<\/li>\n<\/ul>\n<p style=\"text-align: center;\"><a href=\"https:\/\/download.moodle.org\/\" target=\"_blank\" rel=\"noopener\"><img loading=\"lazy\" decoding=\"async\" class=\"alignnone size-full wp-image-98\" src=\"https:\/\/agrcanelas.edu.pt\/blogs\/digitools\/files\/2022\/11\/botao_site.png\" alt=\"\" width=\"139\" height=\"67\" \/><\/a><\/p>\n<p><strong>Tutoriais:<\/strong><\/p>\n<p>[yotuwp type=&#8221;playlist&#8221; id=&#8221;PLC5028C46F27E7441&#8243; ]<\/p>\n","protected":false},"excerpt":{"rendered":"<p>O Moodle \u00e9 um dos mais populares CMS (Course Management System) para apoio \u00e0 aprendizagem\/ensino \u00e0 dist\u00e2ncia. Atrav\u00e9s desta plataforma, os professores\/formadores podem facilmente criar disciplinas \u201conline\u201d e nela depositar conte\u00fados, criar f\u00f3runs, chats, criar testes, receber trabalhos dos alunos, criar wikis, etc. O Moodle \u00e9 uma alternativa gratuita, sob licen\u00e7a Open Source, \u00e0s solu\u00e7\u00f5es comerciais de ensino \u00e0 dist\u00e2ncia como o Blackboard e WebCT. A aprendizagem atrav\u00e9s do Moodle est\u00e1 baseada nos princ\u00edpios pedag\u00f3gicos, com um desenho modular onde \u00e9 f\u00e1cil agregar conte\u00fados que motivam o aluno. Algumas caracter\u00edsticas Promove uma pedagogia social (colabora\u00e7\u00e3o, actividades, reflex\u00e3o cr\u00edtica, etc.) Criar cursos ou disciplinas com variados<a class=\"more-link\" href=\"https:\/\/agrcanelas.edu.pt\/blogs\/digitools\/?page_id=195\">Read More &rarr;<\/a><\/p>\n","protected":false},"author":1,"featured_media":0,"parent":0,"menu_order":0,"comment_status":"closed","ping_status":"closed","template":"","meta":{"_bbp_topic_count":0,"_bbp_reply_count":0,"_bbp_total_topic_count":0,"_bbp_total_reply_count":0,"_bbp_voice_count":0,"_bbp_anonymous_reply_count":0,"_bbp_topic_count_hidden":0,"_bbp_reply_count_hidden":0,"_bbp_forum_subforum_count":0,"footnotes":""},"class_list":["entry","author-mp0oqa","post-195","page","type-page","status-publish"],"_links":{"self":[{"href":"https:\/\/agrcanelas.edu.pt\/blogs\/digitools\/index.php?rest_route=\/wp\/v2\/pages\/195","targetHints":{"allow":["GET"]}}],"collection":[{"href":"https:\/\/agrcanelas.edu.pt\/blogs\/digitools\/index.php?rest_route=\/wp\/v2\/pages"}],"about":[{"href":"https:\/\/agrcanelas.edu.pt\/blogs\/digitools\/index.php?rest_route=\/wp\/v2\/types\/page"}],"author":[{"embeddable":true,"href":"https:\/\/agrcanelas.edu.pt\/blogs\/digitools\/index.php?rest_route=\/wp\/v2\/users\/1"}],"replies":[{"embeddable":true,"href":"https:\/\/agrcanelas.edu.pt\/blogs\/digitools\/index.php?rest_route=%2Fwp%2Fv2%2Fcomments&post=195"}],"version-history":[{"count":26,"href":"https:\/\/agrcanelas.edu.pt\/blogs\/digitools\/index.php?rest_route=\/wp\/v2\/pages\/195\/revisions"}],"predecessor-version":[{"id":360,"href":"https:\/\/agrcanelas.edu.pt\/blogs\/digitools\/index.php?rest_route=\/wp\/v2\/pages\/195\/revisions\/360"}],"wp:attachment":[{"href":"https:\/\/agrcanelas.edu.pt\/blogs\/digitools\/index.php?rest_route=%2Fwp%2Fv2%2Fmedia&parent=195"}],"curies":[{"name":"wp","href":"https:\/\/api.w.org\/{rel}","templated":true}]}}