{"id":263,"date":"2022-12-01T11:41:43","date_gmt":"2022-12-01T10:41:43","guid":{"rendered":"https:\/\/agrcanelas.edu.pt\/blogs\/digitools\/?page_id=263"},"modified":"2022-12-04T17:18:57","modified_gmt":"2022-12-04T16:18:57","slug":"jogos-de-fuga-educativos","status":"publish","type":"page","link":"https:\/\/agrcanelas.edu.pt\/blogs\/digitools\/?page_id=263","title":{"rendered":"Jogos de Fuga Educativos"},"content":{"rendered":"<h3><strong>Exemplos de Jogos de Fuga Educativos<\/strong><\/h3>\n<p><a class=\"aalink\" href=\"https:\/\/sites.google.com\/view\/escaperoomcamilo\/p%C3%A1gina-inicial?authuser=0\" target=\"_blank\" rel=\"noopener\"><span class=\"instancename\">\u00c0 descoberta da Casa Museu de Camilo [Ulisses Mota]<\/span><\/a><br \/>\n<a class=\"aalink\" href=\"https:\/\/sites.google.com\/aecg.pt\/poemascheiosdequimica\/inicio?fbclid=IwAR1pEUk2vB6LQomUOvl71mvIz7QiVm4XsYnTvieHkC-o0kzYdB7VUN94MVw\" target=\"_blank\" rel=\"noopener\">Jogo de Fuga Educativo &#8220;Poemas cheios de Qu\u00edmica&#8221;<\/a><br \/>\n<a class=\"aalink\" href=\"https:\/\/sites.google.com\/view\/pt2fbpessoa\/in%C3%ADcio?authuser=0\" target=\"_blank\" rel=\"noopener\">Webquest sobre Fernando Pessoa<\/a><br \/>\n<a href=\"https:\/\/view.genial.ly\/602190b94df7870d969b805a\/game-breakout-escape-room-seguranet-joao-gracio-e-joao-torres\" target=\"_blank\" rel=\"noopener\">Escape Room SeguraNet by jo\u00e3o Gr\u00e1cio on Genially<\/a><br \/>\n<a href=\"https:\/\/docs.google.com\/forms\/d\/e\/1FAIpQLSewMD1IOD8i-GufTK9Cie-SfD8Uqb6nFLVdfKo8WbeZBEdIdg\/viewform\" target=\"_blank\" rel=\"noopener\">Viagem no tempo &#8211; MISS\u00c3O: UM NOVO REINO<\/a><br \/>\n<a href=\"https:\/\/sites.google.com\/view\/fugasala\/p%C3%A1gina-inicial?authuser=0\" target=\"_blank\" rel=\"noopener\">Literatura Portuguesa (Adelina Moura)<\/a><br \/>\n<a href=\"https:\/\/view.genial.ly\/6013f1b322eaac0d7191c0a1\/game-breakout-alfredo-da-silva\" target=\"_blank\" rel=\"noopener\">Escape Room sobre Alfredo da Silva e a CUF (Patr\u00edcia Carvalhais)<\/a><br \/>\n<a href=\"https:\/\/docs.google.com\/presentation\/d\/e\/2PACX-1vQRWMzOq1tiHTKH6F66IfYrCnLm_yN9OKn5wEzf__f6b71HvyWPHUfRBQ9OoShX4OH3_mpKU1AB7JQ7\/pub?start=false&amp;loop=false&amp;delayms=3000&amp;slide=id.p2\" target=\"_blank\" rel=\"noopener\">Quiz Adventure by Viriato &#8211; google slides<\/a><br \/>\n<a href=\"https:\/\/sites.google.com\/educbe.ca\/ms-swintons-escape-rooms\/home?authuser=0\" target=\"_blank\" rel=\"noopener\">\ud835\ude7c\ud835\ude9c. \ud835\ude82\ud835\udea0\ud835\ude92\ud835\ude97\ud835\ude9d\ud835\ude98\ud835\ude97&#8217;\ud835\ude9c \ud835\ude74\ud835\ude9c\ud835\ude8c\ud835\ude8a\ud835\ude99\ud835\ude8e \ud835\ude81\ud835\ude98\ud835\ude98\ud835\ude96\ud835\ude9c<\/a><\/p>\n","protected":false},"excerpt":{"rendered":"<p>Exemplos de Jogos de Fuga Educativos \u00c0 descoberta da Casa Museu de Camilo [Ulisses Mota] Jogo de Fuga Educativo &#8220;Poemas cheios de Qu\u00edmica&#8221; Webquest sobre Fernando Pessoa Escape Room SeguraNet by jo\u00e3o Gr\u00e1cio on Genially Viagem no tempo &#8211; MISS\u00c3O: UM NOVO REINO Literatura Portuguesa (Adelina Moura) Escape Room sobre Alfredo da Silva e a CUF (Patr\u00edcia Carvalhais) Quiz Adventure by Viriato &#8211; google slides \ud835\ude7c\ud835\ude9c. \ud835\ude82\ud835\udea0\ud835\ude92\ud835\ude97\ud835\ude9d\ud835\ude98\ud835\ude97&#8217;\ud835\ude9c \ud835\ude74\ud835\ude9c\ud835\ude8c\ud835\ude8a\ud835\ude99\ud835\ude8e \ud835\ude81\ud835\ude98\ud835\ude98\ud835\ude96\ud835\ude9c<a class=\"more-link\" href=\"https:\/\/agrcanelas.edu.pt\/blogs\/digitools\/?page_id=263\">Read More &rarr;<\/a><\/p>\n","protected":false},"author":1,"featured_media":0,"parent":0,"menu_order":0,"comment_status":"closed","ping_status":"closed","template":"","meta":{"_bbp_topic_count":0,"_bbp_reply_count":0,"_bbp_total_topic_count":0,"_bbp_total_reply_count":0,"_bbp_voice_count":0,"_bbp_anonymous_reply_count":0,"_bbp_topic_count_hidden":0,"_bbp_reply_count_hidden":0,"_bbp_forum_subforum_count":0,"footnotes":""},"class_list":["entry","author-mp0oqa","post-263","page","type-page","status-publish"],"_links":{"self":[{"href":"https:\/\/agrcanelas.edu.pt\/blogs\/digitools\/index.php?rest_route=\/wp\/v2\/pages\/263","targetHints":{"allow":["GET"]}}],"collection":[{"href":"https:\/\/agrcanelas.edu.pt\/blogs\/digitools\/index.php?rest_route=\/wp\/v2\/pages"}],"about":[{"href":"https:\/\/agrcanelas.edu.pt\/blogs\/digitools\/index.php?rest_route=\/wp\/v2\/types\/page"}],"author":[{"embeddable":true,"href":"https:\/\/agrcanelas.edu.pt\/blogs\/digitools\/index.php?rest_route=\/wp\/v2\/users\/1"}],"replies":[{"embeddable":true,"href":"https:\/\/agrcanelas.edu.pt\/blogs\/digitools\/index.php?rest_route=%2Fwp%2Fv2%2Fcomments&post=263"}],"version-history":[{"count":12,"href":"https:\/\/agrcanelas.edu.pt\/blogs\/digitools\/index.php?rest_route=\/wp\/v2\/pages\/263\/revisions"}],"predecessor-version":[{"id":288,"href":"https:\/\/agrcanelas.edu.pt\/blogs\/digitools\/index.php?rest_route=\/wp\/v2\/pages\/263\/revisions\/288"}],"wp:attachment":[{"href":"https:\/\/agrcanelas.edu.pt\/blogs\/digitools\/index.php?rest_route=%2Fwp%2Fv2%2Fmedia&parent=263"}],"curies":[{"name":"wp","href":"https:\/\/api.w.org\/{rel}","templated":true}]}}